{"id":433,"date":"2014-03-21T14:50:09","date_gmt":"2014-03-21T21:50:09","guid":{"rendered":"https:\/\/www.marcahuasi-ruzo.com\/home\/"},"modified":"2018-08-28T09:53:13","modified_gmt":"2018-08-28T16:53:13","slug":"home","status":"publish","type":"page","link":"https:\/\/www.marcahuasi-ruzo.com\/es\/","title":{"rendered":"Home"},"content":{"rendered":"<p>Marcahuasi es una meseta en los Andes centrales del Per\u00fa sobre la cual se encuentran docenas de estructuras que aparentan representar una variedad de figuras antropom\u00f3rficas y zoom\u00f3rficas, descubiertas por Daniel Ruzo in 1953. La Asociaci\u00f3n para el Estudio de Ciencias y Artes Tradicionales (ECYART, basada en Lima, Per\u00fa) ha continuado sus estudios desde el 2010. El prop\u00f3sito es desarrollar datos que posiblemente apoyen la hip\u00f3tesis que estas estructuras son la creaci\u00f3n de una antigua cultura Andina.<br \/>\n<iframe loading=\"lazy\" style=\"margin-top: 30px;\" src=\"https:\/\/www.youtube.com\/embed\/YHhvsxG8fqw\" width=\"560\" height=\"315\" frameborder=\"0\" allowfullscreen=\"allowfullscreen\"><span data-mce-type=\"bookmark\" style=\"display: inline-block; width: 0px; overflow: hidden; line-height: 0;\" class=\"mce_SELRES_start\">\ufeff<\/span><\/iframe><\/p>\n","protected":false},"excerpt":{"rendered":"<p>Marcahuasi es una meseta en los Andes centrales del Per\u00fa sobre la cual se encuentran docenas de estructuras que aparentan representar una variedad de figuras antropom\u00f3rficas y zoom\u00f3rficas, descubiertas por Daniel Ruzo in 1953. La Asociaci\u00f3n para el Estudio de Ciencias y Artes Tradicionales (ECYART, basada en Lima, Per\u00fa) ha continuado sus estudios desde el [&hellip;]<\/p>\n","protected":false},"author":2,"featured_media":649,"parent":0,"menu_order":1,"comment_status":"closed","ping_status":"closed","template":"","meta":{"_acf_changed":false,"_monsterinsights_skip_tracking":false,"_monsterinsights_sitenote_active":false,"_monsterinsights_sitenote_note":"","_monsterinsights_sitenote_category":0,"footnotes":"","_links_to":"","_links_to_target":""},"class_list":["post-433","page","type-page","status-publish","has-post-thumbnail","hentry"],"acf":[],"_links":{"self":[{"href":"https:\/\/www.marcahuasi-ruzo.com\/es\/wp-json\/wp\/v2\/pages\/433","targetHints":{"allow":["GET"]}}],"collection":[{"href":"https:\/\/www.marcahuasi-ruzo.com\/es\/wp-json\/wp\/v2\/pages"}],"about":[{"href":"https:\/\/www.marcahuasi-ruzo.com\/es\/wp-json\/wp\/v2\/types\/page"}],"author":[{"embeddable":true,"href":"https:\/\/www.marcahuasi-ruzo.com\/es\/wp-json\/wp\/v2\/users\/2"}],"replies":[{"embeddable":true,"href":"https:\/\/www.marcahuasi-ruzo.com\/es\/wp-json\/wp\/v2\/comments?post=433"}],"version-history":[{"count":0,"href":"https:\/\/www.marcahuasi-ruzo.com\/es\/wp-json\/wp\/v2\/pages\/433\/revisions"}],"wp:featuredmedia":[{"embeddable":true,"href":"https:\/\/www.marcahuasi-ruzo.com\/es\/wp-json\/wp\/v2\/media\/649"}],"wp:attachment":[{"href":"https:\/\/www.marcahuasi-ruzo.com\/es\/wp-json\/wp\/v2\/media?parent=433"}],"curies":[{"name":"wp","href":"https:\/\/api.w.org\/{rel}","templated":true}]}}