{"id":915,"date":"2018-04-03T11:44:29","date_gmt":"2018-04-03T18:44:29","guid":{"rendered":"https:\/\/www.marcahuasi-ruzo.com\/press\/"},"modified":"2022-11-19T21:12:13","modified_gmt":"2022-11-20T05:12:13","slug":"prensa","status":"publish","type":"page","link":"https:\/\/www.marcahuasi-ruzo.com\/es\/prensa\/","title":{"rendered":"Prensa"},"content":{"rendered":"<p><img src='https:\/\/www.marcahuasi-ruzo.com\/wp-content\/uploads\/2022\/11\/Marcahuasi-JAAS-article-1-scaled.jpeg'><\/p>\n<p><img src='https:\/\/www.marcahuasi-ruzo.com\/wp-content\/uploads\/2022\/11\/Marcahuasi-JAAS-article-2-scaled.jpeg'><\/p>\n<p><img src='https:\/\/www.marcahuasi-ruzo.com\/wp-content\/uploads\/2022\/11\/Marcahuasi-JAAS-article-3-scaled.jpeg'><\/p>\n<p><img src='https:\/\/www.marcahuasi-ruzo.com\/wp-content\/uploads\/2022\/11\/Marcahuasi-JAAS-article-4-scaled.jpeg'><\/p>\n<p><img src='https:\/\/www.marcahuasi-ruzo.com\/wp-content\/uploads\/2022\/11\/Marcahuasi-JAAS-article-5-scaled.jpeg'><\/p>\n<p><img src='https:\/\/www.marcahuasi-ruzo.com\/wp-content\/uploads\/2022\/11\/Marcahuasi-JAAS-article-6-scaled.jpeg'><\/p>\n<p><img src='https:\/\/www.marcahuasi-ruzo.com\/wp-content\/uploads\/2022\/11\/Marcahuasi-JAAS-article-7-scaled.jpeg'><\/p>\n<p><img src='https:\/\/www.marcahuasi-ruzo.com\/wp-content\/uploads\/2022\/11\/Marcahuasi-JAAS-article-8-scaled.jpeg'><\/p>\n<p><img src='https:\/\/www.marcahuasi-ruzo.com\/wp-content\/uploads\/2022\/11\/Marcahuasi-JAAS-article-9-scaled.jpeg'><\/p>\n<p><img src='https:\/\/www.marcahuasi-ruzo.com\/wp-content\/uploads\/2022\/11\/Marcahuasi-JAAS-article-10-scaled.jpeg'><\/p>\n<p><img src='https:\/\/www.marcahuasi-ruzo.com\/wp-content\/uploads\/2022\/11\/Marcahuasi-JAAS-article-11-scaled.jpeg'><\/p>\n<p><img src='https:\/\/www.marcahuasi-ruzo.com\/wp-content\/uploads\/2022\/11\/Marcahuasi-JAAS-article-12-scaled.jpeg'><\/p>\n<p><img src='https:\/\/www.marcahuasi-ruzo.com\/wp-content\/uploads\/2022\/11\/Marcahuasi-JAAS-article-13-scaled.jpeg'><\/p>\n<p><img src='https:\/\/www.marcahuasi-ruzo.com\/wp-content\/uploads\/2022\/11\/Marcahuasi-JAAS-article-14-scaled.jpeg'><\/p>\n<p><img src='https:\/\/www.marcahuasi-ruzo.com\/wp-content\/uploads\/2022\/11\/Marcahuasi-JAAS-article-15-scaled.jpeg'><\/p>\n<p><img src='https:\/\/www.marcahuasi-ruzo.com\/wp-content\/uploads\/2022\/11\/Marcahuasi-JAAS-article-16-scaled.jpeg'><\/p>\n<hr \/>\n<p><a href=\"http:\/\/www.peruthisweek.com\/news-marcahuasi-website-delves-into-mystery-111095\" target=\"_blank\" rel=\"noopener noreferrer\"><img loading=\"lazy\" decoding=\"async\" class=\"aligncenter size-full wp-image-409 lozad\" data-src=\"https:\/\/www.marcahuasi-ruzo.com\/wp-content\/uploads\/2017\/05\/newspaper.jpg\" alt=\"\" width=\"711\" height=\"677\" data-srcset=\"https:\/\/www.marcahuasi-ruzo.com\/wp-content\/uploads\/2017\/05\/newspaper.jpg 711w, https:\/\/www.marcahuasi-ruzo.com\/wp-content\/uploads\/2017\/05\/newspaper-300x286.jpg 300w\" sizes=\"auto, (max-width: 711px) 100vw, 711px\" \/><\/a><\/p>\n<hr \/>\n<p>&nbsp;<\/p>\n<p>Este articulo incluye una de muchas fotos tomadas por un drone manejado por el Dr Luis Jaime Cisneros Butters (Pontificia Universidad Cat\u00f3lica del Per\u00fa) quien subi\u00f3\u00a0a Marcahuasi con el Dr Luis Octavio Ruzo en agosto de 2017. La teor\u00eda sobre las Pleyades mencionada en este articulo ha sido formulada por el Dr L. O. Ruzo y presentada en este website y tambien desde 2016 en\u00a0<a href=\"https:\/\/www.marcahuasi-ruzo.com\/\" target=\"_blank\" rel=\"noopener noreferrer\">www.marcahuasi-ruzo.com<\/a>.<\/p>\n<p><img loading=\"lazy\" decoding=\"async\" class=\"aligncenter wp-image-847 size-full lozad\" data-src=\"https:\/\/www.marcahuasi-ruzo.com\/wp-content\/uploads\/2017\/05\/la-republica.png\" alt=\"\" width=\"920\" height=\"2048\" data-srcset=\"https:\/\/www.marcahuasi-ruzo.com\/wp-content\/uploads\/2017\/05\/la-republica.png 920w, https:\/\/www.marcahuasi-ruzo.com\/wp-content\/uploads\/2017\/05\/la-republica-135x300.png 135w, https:\/\/www.marcahuasi-ruzo.com\/wp-content\/uploads\/2017\/05\/la-republica-768x1710.png 768w, https:\/\/www.marcahuasi-ruzo.com\/wp-content\/uploads\/2017\/05\/la-republica-300x668.png 300w\" sizes=\"auto, (max-width: 920px) 100vw, 920px\" \/><\/p>\n<hr \/>\n<p style=\"text-align: center;\">(clique para expandir)<\/p>\n<p><a href=\"https:\/\/www.marcahuasi-ruzo.com\/wp-content\/uploads\/2018\/05\/AR506_Schofield_Poster.pdf\"><img loading=\"lazy\" decoding=\"async\" class=\"aligncenter wp-image-1034 lozad\" data-src=\"https:\/\/www.marcahuasi-ruzo.com\/wp-content\/uploads\/2018\/05\/QB180529.png\" alt=\"\" width=\"881\" height=\"682\" data-srcset=\"https:\/\/www.marcahuasi-ruzo.com\/wp-content\/uploads\/2018\/05\/QB180529.png 1175w, https:\/\/www.marcahuasi-ruzo.com\/wp-content\/uploads\/2018\/05\/QB180529-300x232.png 300w, https:\/\/www.marcahuasi-ruzo.com\/wp-content\/uploads\/2018\/05\/QB180529-768x595.png 768w\" sizes=\"auto, (max-width: 881px) 100vw, 881px\" \/><\/a><\/p>\n","protected":false},"excerpt":{"rendered":"<p>&nbsp; Este articulo incluye una de muchas fotos tomadas por un drone manejado por el Dr Luis Jaime Cisneros Butters (Pontificia Universidad Cat\u00f3lica del Per\u00fa) quien subi\u00f3\u00a0a Marcahuasi con el Dr Luis Octavio Ruzo en agosto de 2017. La teor\u00eda sobre las Pleyades mencionada en este articulo ha sido formulada por el Dr L. O. [&hellip;]<\/p>\n","protected":false},"author":2,"featured_media":0,"parent":0,"menu_order":0,"comment_status":"closed","ping_status":"closed","template":"","meta":{"_acf_changed":false,"_monsterinsights_skip_tracking":false,"_monsterinsights_sitenote_active":false,"_monsterinsights_sitenote_note":"","_monsterinsights_sitenote_category":0,"footnotes":"","_links_to":"","_links_to_target":""},"class_list":["post-915","page","type-page","status-publish","hentry"],"acf":[],"_links":{"self":[{"href":"https:\/\/www.marcahuasi-ruzo.com\/es\/wp-json\/wp\/v2\/pages\/915","targetHints":{"allow":["GET"]}}],"collection":[{"href":"https:\/\/www.marcahuasi-ruzo.com\/es\/wp-json\/wp\/v2\/pages"}],"about":[{"href":"https:\/\/www.marcahuasi-ruzo.com\/es\/wp-json\/wp\/v2\/types\/page"}],"author":[{"embeddable":true,"href":"https:\/\/www.marcahuasi-ruzo.com\/es\/wp-json\/wp\/v2\/users\/2"}],"replies":[{"embeddable":true,"href":"https:\/\/www.marcahuasi-ruzo.com\/es\/wp-json\/wp\/v2\/comments?post=915"}],"version-history":[{"count":0,"href":"https:\/\/www.marcahuasi-ruzo.com\/es\/wp-json\/wp\/v2\/pages\/915\/revisions"}],"wp:attachment":[{"href":"https:\/\/www.marcahuasi-ruzo.com\/es\/wp-json\/wp\/v2\/media?parent=915"}],"curies":[{"name":"wp","href":"https:\/\/api.w.org\/{rel}","templated":true}]}}