{"id":927,"date":"2018-04-03T11:58:46","date_gmt":"2018-04-03T18:58:46","guid":{"rendered":"https:\/\/www.marcahuasi-ruzo.com\/what-is-marcahuasi\/"},"modified":"2021-01-26T14:49:58","modified_gmt":"2021-01-26T22:49:58","slug":"que-es-marcahuasi","status":"publish","type":"page","link":"https:\/\/www.marcahuasi-ruzo.com\/es\/que-es-marcahuasi\/","title":{"rendered":"\u00bfQue es Marcahuasi?"},"content":{"rendered":"<h2>Son los Monumentos Liticos de Marcahuasi una Creacion Humana?<\/h2>\n<p>Marcahuasi, una de las siete maravillas del Per\u00fa, es una meseta en los Andes centrales conocida por sus enormes estructuras en piedra. Estas formaciones en roca son parte de lo que hasta ahora ha sido un inexplicable bosque de piedra. Nuestras <a href=\"https:\/\/www.marcahuasi-ruzo.com\/es\/investigacion-en-curso\/\">investigaciones en curso<\/a> pueden cambiar esta situaci\u00f3n.<\/p>\n<p>Entre los famosos monumentos l\u00edticos del Peru se encuentra Marcahuasi, la cual contiene docenas de megalitos y monumentos misteriosos representando una variedad de figuras antropom\u00f3rficas y zoom\u00f3rficas, como son caras humanas, cascos de guerra, llamas y zapatos. En general muchos han cre\u00eddo que estas estructuras son trabajo humano pero hasta ahora nadie ha prove\u00eddo <a href=\"https:\/\/www.marcahuasi-ruzo.com\/es\/datos-de-la-investigacion\/\">evidencia que apoye esta creencia<\/a>.<\/p>\n<p>De todos los monumentos de piedra en Peru, Marcahuasi es un lugar que cuenta una historia que debemos interpretar.<\/p>\n<h2>Estudio de los Misteriosos Monumentos Liticos en Marcahuasi<\/h2>\n<p>Varios estudiosos han demonstrado un inter\u00e9s serio en Marcahuasi, como son Kathy Doore, Peter Schneider y Robert Schoch, pero en ningun caso han presentado una hip\u00f3tesis que se pueda probar con respecto al significado de estas estructuras.<\/p>\n<p>En general la meseta es admirada como un ambiente art\u00edstico o justificadamente por su belleza natural y panoramas, como es el caso de nuestro amigo Sandro Sandoval quien mantiene el website www.marcahuasi.com.<\/p>\n<p>La meseta fue <a href=\"https:\/\/www.marcahuasi-ruzo.com\/es\/la-expedicion-de-daniel-ruzo\/\">descubierta por el doctor Daniel Ruzo<\/a> de los Heros en 1953. Tambien ah\u00ed se encuentran ruinas de estructuras incaicas como cuarteles y chullpas funerarias. El doctor Luis Octavio Ruzo, director de la Asociaci\u00f3n para el Estudio de Ciencias y Artes Tradicionales (ECYART Lima, Per\u00fa) ha continuado sus estudios desde el 2010. Nuestro prop\u00f3sito es obtener y desarrollar datos que posiblemente apoyen la hip\u00f3tesis que estas estructuras son la creaci\u00f3n de una antigua y misteriosa cultura Andina.<\/p>\n<p>Conozca mas <a href=\"https:\/\/www.marcahuasi-ruzo.com\/es\/marcahuasi-ubicacion\/\">sobre el sitio<\/a> y <a href=\"https:\/\/www.marcahuasi-ruzo.com\/es\/historia-de-marcahuasi\/\">la historia de Marcahuasi<\/a>.<\/p>\n<p>Lea nuestro <a href=\"https:\/\/www.marcahuasi-ruzo.com\/es\/faq\/\">preguntas frecuentes.<\/a><\/p>\n<p>Si esta interesado en ser parte de las investigaciones por favor <a href=\"https:\/\/www.marcahuasi-ruzo.com\/es\/contacto\/\">contactenos<\/a>.<\/p>\n<p>&nbsp;<\/p>\n","protected":false},"excerpt":{"rendered":"<p>Son los Monumentos Liticos de Marcahuasi una Creacion Humana? Marcahuasi, una de las siete maravillas del Per\u00fa, es una meseta en los Andes centrales conocida por sus enormes estructuras en piedra. Estas formaciones en roca son parte de lo que hasta ahora ha sido un inexplicable bosque de piedra. Nuestras investigaciones en curso pueden cambiar [&hellip;]<\/p>\n","protected":false},"author":2,"featured_media":0,"parent":0,"menu_order":0,"comment_status":"closed","ping_status":"closed","template":"","meta":{"_acf_changed":false,"_monsterinsights_skip_tracking":false,"_monsterinsights_sitenote_active":false,"_monsterinsights_sitenote_note":"","_monsterinsights_sitenote_category":0,"footnotes":"","_links_to":"","_links_to_target":""},"class_list":["post-927","page","type-page","status-publish","hentry"],"acf":[],"_links":{"self":[{"href":"https:\/\/www.marcahuasi-ruzo.com\/es\/wp-json\/wp\/v2\/pages\/927","targetHints":{"allow":["GET"]}}],"collection":[{"href":"https:\/\/www.marcahuasi-ruzo.com\/es\/wp-json\/wp\/v2\/pages"}],"about":[{"href":"https:\/\/www.marcahuasi-ruzo.com\/es\/wp-json\/wp\/v2\/types\/page"}],"author":[{"embeddable":true,"href":"https:\/\/www.marcahuasi-ruzo.com\/es\/wp-json\/wp\/v2\/users\/2"}],"replies":[{"embeddable":true,"href":"https:\/\/www.marcahuasi-ruzo.com\/es\/wp-json\/wp\/v2\/comments?post=927"}],"version-history":[{"count":0,"href":"https:\/\/www.marcahuasi-ruzo.com\/es\/wp-json\/wp\/v2\/pages\/927\/revisions"}],"wp:attachment":[{"href":"https:\/\/www.marcahuasi-ruzo.com\/es\/wp-json\/wp\/v2\/media?parent=927"}],"curies":[{"name":"wp","href":"https:\/\/api.w.org\/{rel}","templated":true}]}}